{"id":278,"date":"2024-03-24T21:55:23","date_gmt":"2024-03-24T20:55:23","guid":{"rendered":"https:\/\/r2t-automation.fr\/?page_id=278"},"modified":"2024-03-26T11:45:05","modified_gmt":"2024-03-26T10:45:05","slug":"conditions-generales-de-vente","status":"publish","type":"page","link":"https:\/\/r2t-automation.fr\/index.php\/conditions-generales-de-vente\/","title":{"rendered":"Conditions g\u00e9n\u00e9rales de vente"},"content":{"rendered":"\n<h2 class=\"wp-block-heading\"><strong>Conditions g\u00e9n\u00e9rales de ventes<\/strong><\/h2>\n\n\n\n<h2 class=\"wp-block-heading\"><strong>G\u00e9n\u00e9ralit\u00e9s<\/strong><\/h2>\n\n\n\n<p>Les pr\u00e9sentes conditions g\u00e9n\u00e9rales de vente sont applicables \u00e0 toute offre \u00e9mise ou toute vente conclue par R2T-AUTOMATION.<\/p>\n\n\n\n<p>L&rsquo;acceptation d\u2019une offre \u00e9tablie par R2T-AUTOMATION ou d\u2019une proposition d\u2019intervention, la passation d&rsquo;une commande ou la signature de tout contrat par l\u2019acheteur implique son acceptation des pr\u00e9sentes Conditions G\u00e9n\u00e9rales.<\/p>\n\n\n\n<p>Les offres de R2T-AUTOMATION sont valables pendant un mois \u00e0 compter de leur date d&rsquo;envoi.<\/p>\n\n\n\n<h2 class=\"wp-block-heading\"><strong>Offres<\/strong><\/h2>\n\n\n\n<p>Les offres transmises par R2T-AUTOMATION \u00e0 l\u2019acheteur ne peuvent en aucun cas \u00eatre consid\u00e9r\u00e9es comme des engagements fermes. R2T-AUTOMATION se r\u00e9serve ainsi le droit de les retirer ou de les modifier \u00e0 tout moment.<\/p>\n\n\n\n<p>R2T-AUTOMATION se r\u00e9serve le droit de refuser des commandes, notamment si la disponibilit\u00e9 de R2T-AUTOMATION ne permettait pas de tenir le planning demand\u00e9 au moment de la commande.<\/p>\n\n\n\n<h2 class=\"wp-block-heading\"><strong>Prix, &nbsp;conditions de paiement et facturation<\/strong><\/h2>\n\n\n\n<p>Les prix de vente sont \u00e9tablis en euros et s\u2019entendent hors taxes. Le prix de la commande est le prix indiqu\u00e9 sur le devis.<\/p>\n\n\n\n<p>Sous r\u00e9serve des modalit\u00e9s particuli\u00e8res d\u00e9finies pr\u00e9alablement entre les deux parties, les produits et prestations sont payables en totalit\u00e9 \u00e0 R2T-AUTOMATION par virement bancaire \u00e0 30 jours date de facture. Les paiements sont consid\u00e9r\u00e9s comme effectu\u00e9s lorsque les montants qui figurent sur les factures sont d\u00e9finitivement cr\u00e9dit\u00e9s sur le compte bancaire de R2T-AUTOMATION.<\/p>\n\n\n\n<h2 class=\"wp-block-heading\"><strong>Propri\u00e9t\u00e9 intellectuelle et confidentialit\u00e9<\/strong><\/h2>\n\n\n\n<p>Tout les d\u00e9veloppements ou documentations fournis par R2T-AUTOMATION restent la propri\u00e9t\u00e9 de R2T-AUTOMATION jusqu&rsquo;au paiement int\u00e9gral du prix. Le transfert de propri\u00e9t\u00e9 \u00e0 l&rsquo;acheteur des d\u00e9veloppements et documents, sp\u00e9cifiques \u00e0 l&rsquo;objet de la commande, s&rsquo;effectue au paiement int\u00e9gral du prix. R2T-AUTOMATION consid\u00e9rera comme strictement confidentiels, et s\u2019interdit de divulguer, toute information, document, donn\u00e9e ou concept, dont il pourrait avoir connaissance \u00e0 l\u2019occasion du pr\u00e9sent contrat.<\/p>\n\n\n\n<h2 class=\"wp-block-heading\"><strong>Forces majeures<\/strong><\/h2>\n\n\n\n<p>Les obligations de R2T-AUTOMATION seront suspendues de plein droit et sans formalit\u00e9 et sa responsabilit\u00e9 d\u00e9gag\u00e9e en cas d&rsquo;\u00e9v\u00e9nements de force majeure intervenant apr\u00e8s la passation du contrat et emp\u00eachant son ex\u00e9cution dans des conditions normales. Sont notamment consid\u00e9r\u00e9s comme tels, les conflits du travail, la gr\u00e8ve, les \u00e9pid\u00e9mies, les contraintes insurmontables et toute autre circonstance tels que la r\u00e9quisition, l&#8217;embargo, le manque de moyens de transport, le manque g\u00e9n\u00e9ral d&rsquo;approvisionnement, les restrictions d&#8217;emploi d&rsquo;\u00e9nergie lorsque ces autres circonstances sont ind\u00e9pendantes de la volont\u00e9 des parties.<\/p>\n\n\n\n<h2 class=\"wp-block-heading\"><strong>Interventions<\/strong><\/h2>\n\n\n\n<p>L\u2019acheteur s\u2019engage \u00e0 r\u00e9aliser ou \u00e0 mettre \u00e0 disposition \u00e0 ses frais les outils et moyens n\u00e9cessaires \u00e0 la bonne r\u00e9alisation de la mission tel que :<\/p>\n\n\n\n<ul class=\"wp-block-list\">\n<li>le chauffage, l\u2019\u00e9clairage, l\u2019\u00e9nergie et l\u2019eau, ainsi que les raccordements n\u00e9cessaires jusqu&rsquo;au lieu d&rsquo;utilisation.<\/li>\n\n\n\n<li>les v\u00eatements et appareils de protection n\u00e9cessaires en raison de circonstances particuli\u00e8res non utilis\u00e9s par R2T-AUTOMATION dans son activit\u00e9<\/li>\n<\/ul>\n\n\n\n<p>L\u2019acheteur atteste que l\u2019intervenant ne sera expos\u00e9 \u00e0 aucun danger professionnel particulier dans le cadre de sa mission. A d\u00e9faut, l\u2019acheteur s\u2019engage \u00e0 en informer imm\u00e9diatement R2T-AUTOMATION et \u00e0 mettre en \u0153uvre tous les moyens n\u00e9cessaires pour pr\u00e9server l\u2019intervenant.<\/p>\n\n\n\n<h2 class=\"wp-block-heading\"><strong>Juridiction<\/strong><\/h2>\n\n\n\n<p>En cas de contestation \u00e0 l&rsquo;occasion de tous litiges qui ne pourraient \u00eatre r\u00e9gl\u00e9s \u00e0 l&rsquo;amiable, le tribunal de commerce de Rouen est seul comp\u00e9tent.<\/p>\n","protected":false},"excerpt":{"rendered":"<p>Conditions g\u00e9n\u00e9rales de ventes G\u00e9n\u00e9ralit\u00e9s Les pr\u00e9sentes conditions g\u00e9n\u00e9rales de vente sont applicables \u00e0 toute offre \u00e9mise ou toute vente conclue par R2T-AUTOMATION. L&rsquo;acceptation d\u2019une offre \u00e9tablie par R2T-AUTOMATION ou d\u2019une proposition d\u2019intervention, la passation d&rsquo;une commande ou la signature de tout contrat par l\u2019acheteur implique son acceptation des pr\u00e9sentes Conditions G\u00e9n\u00e9rales. Les offres de&hellip; <a class=\"more-link\" href=\"https:\/\/r2t-automation.fr\/index.php\/conditions-generales-de-vente\/\">Poursuivre la lecture <span class=\"screen-reader-text\">Conditions g\u00e9n\u00e9rales de vente<\/span><\/a><\/p>\n","protected":false},"author":1,"featured_media":0,"parent":0,"menu_order":0,"comment_status":"closed","ping_status":"closed","template":"","meta":{"om_disable_all_campaigns":false,"_monsterinsights_skip_tracking":false,"_monsterinsights_sitenote_active":false,"_monsterinsights_sitenote_note":"","_monsterinsights_sitenote_category":0,"footnotes":""},"class_list":["post-278","page","type-page","status-publish","hentry","entry"],"aioseo_notices":[],"_links":{"self":[{"href":"https:\/\/r2t-automation.fr\/index.php\/wp-json\/wp\/v2\/pages\/278","targetHints":{"allow":["GET"]}}],"collection":[{"href":"https:\/\/r2t-automation.fr\/index.php\/wp-json\/wp\/v2\/pages"}],"about":[{"href":"https:\/\/r2t-automation.fr\/index.php\/wp-json\/wp\/v2\/types\/page"}],"author":[{"embeddable":true,"href":"https:\/\/r2t-automation.fr\/index.php\/wp-json\/wp\/v2\/users\/1"}],"replies":[{"embeddable":true,"href":"https:\/\/r2t-automation.fr\/index.php\/wp-json\/wp\/v2\/comments?post=278"}],"version-history":[{"count":10,"href":"https:\/\/r2t-automation.fr\/index.php\/wp-json\/wp\/v2\/pages\/278\/revisions"}],"predecessor-version":[{"id":302,"href":"https:\/\/r2t-automation.fr\/index.php\/wp-json\/wp\/v2\/pages\/278\/revisions\/302"}],"wp:attachment":[{"href":"https:\/\/r2t-automation.fr\/index.php\/wp-json\/wp\/v2\/media?parent=278"}],"curies":[{"name":"wp","href":"https:\/\/api.w.org\/{rel}","templated":true}]}}