{"id":243,"date":"2024-03-12T15:52:21","date_gmt":"2024-03-12T14:52:21","guid":{"rendered":"https:\/\/r2t-automation.fr\/?page_id=243"},"modified":"2024-03-24T21:41:35","modified_gmt":"2024-03-24T20:41:35","slug":"mention-legales","status":"publish","type":"page","link":"https:\/\/r2t-automation.fr\/index.php\/mention-legales\/","title":{"rendered":"Mentions l\u00e9gales"},"content":{"rendered":"\n<h2 class=\"wp-block-heading\">Mentions l\u00e9gales<\/h2>\n\n\n\n<p><strong>Raison sociale: <\/strong>R2T-AUTOMATION<br><strong>Num\u00e9ro de Siret:<\/strong> 900 598 863 00018<br><strong>Num\u00e9ro de TVA:<\/strong> FR20 900 598 863<br><strong>Capitale social:<\/strong> 2000.00\u20ac<br><strong>Adresse web:<\/strong> www.r2t-automation.fr<br><strong>Nom du responsable: <\/strong>Tony Hardy<br><strong>Adresse de la soci\u00e9t\u00e9 :<\/strong> 3 rue des bouvreuils, 76960 Notre Dame de Bondeville<br><strong>T\u00e9l\u00e9phone:<\/strong> 06 31 69 92 87<br><strong>Mail:<\/strong> tony.hardy@r2t-automation.fr<br><br><strong>Le site est d\u00e9velopp\u00e9 et maintenu par:<\/strong> R2T-AUTOMATION<br><strong>H\u00e9bergeur:<\/strong> hostinger, dont le si\u00e8ge social est situ\u00e9 HOSTINGER INTERNATIONAL LTD, 61 Lordou Vironos Street, 6023 Larnaca, Chypre, joignable par le moyen suivant :<a href=\"https:\/\/www.hostinger.fr\/contact\" target=\"_blank\" rel=\"noreferrer noopener\">https:\/\/www.hostinger.fr\/contact<\/a><\/p>\n\n\n\n<h2 class=\"wp-block-heading\">Contenu<\/h2>\n\n\n\n<p>Le pr\u00e9sent site a pour objet de fournir une information concernant l\u2019ensemble des activit\u00e9s de la soci\u00e9t\u00e9.<\/p>\n\n\n\n<p>R2T-AUTOMATION s\u2019est efforc\u00e9 d\u2019assurer l\u2019exactitude de l\u2019ensemble des informations fournies sur son site. La responsabilit\u00e9 de \u00ab\u00a0R2T-AUTOMATION \u00bb ne pourra en aucun cas \u00eatre engag\u00e9e quant \u00e0 d\u2019\u00e9ventuelles erreurs ponctuelles et inopin\u00e9es pouvant survenir sur le site. R2T-AUTOMATION d\u00e9cline toute responsabilit\u00e9 concernant les informations disponibles sur son site.<\/p>\n\n\n\n<p>Toutes les informations indiqu\u00e9es sur le site <a href=\"http:\/\/www.r2t-automation.fr\">www.r2t-automation.fr<\/a> sont donn\u00e9es \u00e0 titre indicatif, et sont susceptibles d\u2019\u00e9voluer. Par ailleurs, les renseignements figurant sur le site <a href=\"http:\/\/www.r2t-automation.fr\">www.r2t-automation.fr<\/a> ne sont pas exhaustifs. Ils sont donn\u00e9s sous r\u00e9serve de modifications ayant \u00e9t\u00e9 apport\u00e9es depuis leur mise en ligne.<\/p>\n\n\n\n<h2 class=\"wp-block-heading\">Liens hypertextes<\/h2>\n\n\n\n<p>Les sites web de tiers, leur contenu et\/ou les documents accessibles \u00e0 partir des liens hypertextes publi\u00e9s sur le Site sont la responsabilit\u00e9 exclusive de leur(s) auteur(s) et ne sauraient engager la responsabilit\u00e9 de R2T-AUTOMATION. Les utilisateurs ne sont pas autoris\u00e9s \u00e0 cr\u00e9er un lien hypertexte vers le Site et\/ou une page quelconque du Site et\/ou d\u2019un fichier s\u2019y trouvant sans l\u2019accord pr\u00e9alable et expr\u00e8s de R2T-AUTOMATION.<\/p>\n\n\n\n<h2 class=\"wp-block-heading\">Droits d&rsquo;auteurs<\/h2>\n\n\n\n<p>R2T-AUTOMATION, ou des tiers ayant autoris\u00e9 l\u2019utilisation de leurs \u0153uvres par R2T-AUTOMATION, d\u00e9tiennent la propri\u00e9t\u00e9 intellectuelle de toutes \u0153uvres pr\u00e9sentes sur le site, qu\u2019elles soient des photographies, des textes, des slogans, des vid\u00e9os et toute autre \u0153uvre.<\/p>\n\n\n\n<p>Les logos, iconographies et puces graphiques pr\u00e9sents sur ce site sont prot\u00e9g\u00e9s par les droits d\u2019auteurs, par les articles L.511.1 et d\u2019apr\u00e8s le Code de la Propri\u00e9t\u00e9 Intellectuelle relatifs \u00e0 la protection des mod\u00e8les d\u00e9pos\u00e9s.<\/p>\n\n\n\n<p>Les reproductions, sur quelque support qu\u2019il soit, du site ou des \u0153uvres y figurant ne pourront \u00eatre utilis\u00e9es \u00e0 des fins commerciales et\/ou publicitaires, et\/ou d\u2019informations. Elles pourront \u00eatre utilis\u00e9es uniquement \u00e0 des fins personnelles tout en respectant les dispositions de l\u2019article L.122-5 du Code de la Propri\u00e9t\u00e9 Intellectuelle.<\/p>\n\n\n\n<p>En revanche, toute reproduction, repr\u00e9sentation, utilisation ou modification, par quelque proc\u00e9d\u00e9 qu\u2019il soit et sur quelque support que ce soit, de tout ou d\u2019une partie du site, de tout ou d\u2019une partie des \u0153uvres qui y sont pr\u00e9sentes, sans avoir eu l\u2019accord de R2T-AUTOMATION en amont est strictement interdite, cela constitue un d\u00e9lit de contrefa\u00e7on et peut donner suite \u00e0 des poursuites judiciaires civiles et\/ou p\u00e9nales ainsi qu\u2019au paiement de dommages et int\u00e9r\u00eats.<\/p>\n\n\n\n<p>Ce site respecte les droits d\u2019auteurs. Tous les droits d\u2019auteurs des \u0153uvres prot\u00e9g\u00e9es reproduites et communiqu\u00e9es sur ce site sont r\u00e9serv\u00e9es.&nbsp;<\/p>\n\n\n\n<p>Sauf autorisation, toute utilisation des \u0153uvres autres que la reproduction et la consultation individuelles et priv\u00e9es sont interdites.<\/p>\n\n\n\n<h2 class=\"wp-block-heading\">Cookies<\/h2>\n\n\n\n<p>La navigation sur le site <a href=\"http:\/\/www.r2t-automation.fr\">www.r2t-automation.fr<\/a> est susceptible de provoquer l\u2019installation de cookie(s) sur l\u2019ordinateur de l\u2019utilisateur. Un cookie est un fichier de petite taille, qui ne permet pas l\u2019identification de l\u2019utilisateur, mais qui enregistre des informations relatives \u00e0 la navigation d\u2019un ordinateur sur un site. Les donn\u00e9es ainsi obtenues visent \u00e0 faciliter la navigation ult\u00e9rieure sur le site, et ont \u00e9galement vocation \u00e0 permettre diverses mesures de fr\u00e9quentation.<\/p>\n","protected":false},"excerpt":{"rendered":"<p>Mentions l\u00e9gales Raison sociale: R2T-AUTOMATIONNum\u00e9ro de Siret: 900 598 863 00018Num\u00e9ro de TVA: FR20 900 598 863Capitale social: 2000.00\u20acAdresse web: www.r2t-automation.frNom du responsable: Tony HardyAdresse de la soci\u00e9t\u00e9 : 3 rue des bouvreuils, 76960 Notre Dame de BondevilleT\u00e9l\u00e9phone: 06 31 69 92 87Mail: tony.hardy@r2t-automation.fr Le site est d\u00e9velopp\u00e9 et maintenu par: R2T-AUTOMATIONH\u00e9bergeur: hostinger, dont le&hellip; <a class=\"more-link\" href=\"https:\/\/r2t-automation.fr\/index.php\/mention-legales\/\">Poursuivre la lecture <span class=\"screen-reader-text\">Mentions l\u00e9gales<\/span><\/a><\/p>\n","protected":false},"author":1,"featured_media":0,"parent":0,"menu_order":0,"comment_status":"closed","ping_status":"closed","template":"","meta":{"om_disable_all_campaigns":false,"_monsterinsights_skip_tracking":false,"_monsterinsights_sitenote_active":false,"_monsterinsights_sitenote_note":"","_monsterinsights_sitenote_category":0,"footnotes":""},"class_list":["post-243","page","type-page","status-publish","hentry","entry"],"aioseo_notices":[],"_links":{"self":[{"href":"https:\/\/r2t-automation.fr\/index.php\/wp-json\/wp\/v2\/pages\/243","targetHints":{"allow":["GET"]}}],"collection":[{"href":"https:\/\/r2t-automation.fr\/index.php\/wp-json\/wp\/v2\/pages"}],"about":[{"href":"https:\/\/r2t-automation.fr\/index.php\/wp-json\/wp\/v2\/types\/page"}],"author":[{"embeddable":true,"href":"https:\/\/r2t-automation.fr\/index.php\/wp-json\/wp\/v2\/users\/1"}],"replies":[{"embeddable":true,"href":"https:\/\/r2t-automation.fr\/index.php\/wp-json\/wp\/v2\/comments?post=243"}],"version-history":[{"count":13,"href":"https:\/\/r2t-automation.fr\/index.php\/wp-json\/wp\/v2\/pages\/243\/revisions"}],"predecessor-version":[{"id":277,"href":"https:\/\/r2t-automation.fr\/index.php\/wp-json\/wp\/v2\/pages\/243\/revisions\/277"}],"wp:attachment":[{"href":"https:\/\/r2t-automation.fr\/index.php\/wp-json\/wp\/v2\/media?parent=243"}],"curies":[{"name":"wp","href":"https:\/\/api.w.org\/{rel}","templated":true}]}}